{"id":2539,"date":"2024-01-31T16:30:26","date_gmt":"2024-01-31T15:30:26","guid":{"rendered":"https:\/\/annapic.fr\/?page_id=2539"},"modified":"2024-02-29T16:02:59","modified_gmt":"2024-02-29T15:02:59","slug":"mentions-legales","status":"publish","type":"page","link":"https:\/\/annapic.fr\/index.php\/mentions-legales\/","title":{"rendered":"Mentions l\u00e9gales"},"content":{"rendered":"<p><strong>Anna Pic<\/strong><br \/>\n\u00a9 2023 | Tous droits r\u00e9serv\u00e9s<\/p>\n<p><strong>Site :<\/strong> http:\/\/annapic.fr\/<\/p>\n<p><strong>H\u00e9bergeur\u00a0:<\/strong> OVH SAS<br \/>\nSi\u00e8ge social : 2 rue Kellermann &#8211; 59100 Roubaix &#8211; France<\/p>\n<p><em>Anna Pic et son \u00e9quipe sont propri\u00e9taires de l\u2019ensemble des contenus produits \u00e0 titre gracieux dans le cadre de ses activit\u00e9s et se r\u00e9serve, en tant que structure ou via des tiers, tous droits de commercialisation desdits contenus.<\/em><\/p>\n","protected":false},"excerpt":{"rendered":"<p>Anna Pic \u00a9 2023 | Tous droits r\u00e9serv\u00e9s Site : [&hellip;]<\/p>\n","protected":false},"author":3,"featured_media":0,"parent":0,"menu_order":0,"comment_status":"closed","ping_status":"closed","template":"","meta":{"footnotes":""},"class_list":["post-2539","page","type-page","status-publish","hentry"],"_links":{"self":[{"href":"https:\/\/annapic.fr\/index.php\/wp-json\/wp\/v2\/pages\/2539","targetHints":{"allow":["GET"]}}],"collection":[{"href":"https:\/\/annapic.fr\/index.php\/wp-json\/wp\/v2\/pages"}],"about":[{"href":"https:\/\/annapic.fr\/index.php\/wp-json\/wp\/v2\/types\/page"}],"author":[{"embeddable":true,"href":"https:\/\/annapic.fr\/index.php\/wp-json\/wp\/v2\/users\/3"}],"replies":[{"embeddable":true,"href":"https:\/\/annapic.fr\/index.php\/wp-json\/wp\/v2\/comments?post=2539"}],"version-history":[{"count":3,"href":"https:\/\/annapic.fr\/index.php\/wp-json\/wp\/v2\/pages\/2539\/revisions"}],"predecessor-version":[{"id":2796,"href":"https:\/\/annapic.fr\/index.php\/wp-json\/wp\/v2\/pages\/2539\/revisions\/2796"}],"wp:attachment":[{"href":"https:\/\/annapic.fr\/index.php\/wp-json\/wp\/v2\/media?parent=2539"}],"curies":[{"name":"wp","href":"https:\/\/api.w.org\/{rel}","templated":true}]}}